{"id":2,"date":"2025-10-16T14:30:14","date_gmt":"2025-10-16T14:30:14","guid":{"rendered":"http:\/\/flow520.com\/home\/"},"modified":"2025-10-19T17:36:13","modified_gmt":"2025-10-19T17:36:13","slug":"home","status":"publish","type":"page","link":"https:\/\/flow520.com\/","title":{"rendered":"oficial"},"content":{"rendered":"<h2>Transforme sua mente. Expanda sua consci\u00eancia. Crie sua realidade<\/h2>\n<h2>Reprograme sua mente com t\u00e9cnicas comprovadas<\/h2>\n<p>\t\t\t\thttps:\/\/www.youtube.com\/watch?v=XHOmBV4js_E\t\t\t\t\t\t\t\t<a href=\"#\"><br \/>\n\t\t\t\t\t\t\t\t\tComece sua Jornada Agora<br \/>\n\t\t\t\t\t<\/a><\/p>\n<h2>Reprograme sua mente e  manifeste sua realidade desejada.<\/h2>\n<h2>Transforme sua frequ\u00eancia, manifeste sua realidade<\/h2>\n<p>\t\t\t\t\t\t\t\t\t\t\t\t<a href=\"#\"><br \/>\n\t\t\t\t\t\t\t\t\tComece sua Jornada Agora<br \/>\n\t\t\t\t\t<\/a><\/p>\n<h2>PRE\u00c7O<br \/>\n<\/h2>\n<h2>Promo\u00e7\u00e3o por tempo limitado!<\/h2>\n<h2>DE R$ 147<\/h2>\n<h2>Por R$ 47<\/h2>\n<p>\t\t\t\t\t\t\t\t\t\t\t\t<a href=\"#\"><br \/>\n\t\t\t\t\t\t\t\t\tComece sua Jornada Agora<br \/>\n\t\t\t\t\t<\/a><br \/>\n\t\t\t\t\t\t\t\t\t\t\t\t\t\t\t\t\t\t\t<img decoding=\"async\" width=\"300\" height=\"43\" src=\"https:\/\/flow520.com\/wp-content\/uploads\/2025\/10\/compra-segura-1024x147-1-300x43.png\" alt=\"\" srcset=\"https:\/\/flow520.com\/wp-content\/uploads\/2025\/10\/compra-segura-1024x147-1-300x43.png 300w, https:\/\/flow520.com\/wp-content\/uploads\/2025\/10\/compra-segura-1024x147-1-768x110.png 768w, https:\/\/flow520.com\/wp-content\/uploads\/2025\/10\/compra-segura-1024x147-1.png 1024w\" sizes=\"(max-width: 300px) 100vw, 300px\" \/>\t\t\t\t\t\t\t\t\t\t\t\t\t\t\t\t<\/p>\n<h2>                    Garantia<br \/>\n<\/h2>\n<h2>\nGarantia incondicional de 7 dias<br \/>\n<\/h2>\n<h2>e dentro de 7 dias se voc\u00ea aplicar o m\u00e9todo e n\u00e3o sentir nenhuma mudan\u00e7a,<br \/>\n basta me enviar um e-mail e eu devolvo 100% do seu investimento.<\/h2>\n\n\n<p><\/p>\n","protected":false},"excerpt":{"rendered":"<p>Transforme sua mente. Expanda sua consci\u00eancia. Crie sua realidade Reprograme sua mente com t\u00e9cnicas comprovadas https:\/\/www.youtube.com\/watch?v=XHOmBV4js_E Comece sua Jornada Agora Reprograme sua mente e manifeste sua realidade desejada. Transforme sua frequ\u00eancia, manifeste sua realidade Comece sua Jornada Agora PRE\u00c7O Promo\u00e7\u00e3o por tempo limitado! DE R$ 147 Por R$ 47 Comece sua Jornada Agora Garantia Garantia [&hellip;]<\/p>\n","protected":false},"author":1,"featured_media":0,"parent":0,"menu_order":0,"comment_status":"open","ping_status":"closed","template":"elementor_canvas","meta":{"_uag_custom_page_level_css":"","footnotes":""},"class_list":["post-2","page","type-page","status-publish","hentry"],"aioseo_notices":[],"_hostinger_reach_plugin_has_subscription_block":false,"_hostinger_reach_plugin_is_elementor":false,"uagb_featured_image_src":{"full":false,"thumbnail":false,"medium":false,"medium_large":false,"large":false,"1536x1536":false,"2048x2048":false},"uagb_author_info":{"display_name":"useaxe01@gmail.com","author_link":"https:\/\/flow520.com\/?author=1"},"uagb_comment_info":0,"uagb_excerpt":"Transforme sua mente. Expanda sua consci\u00eancia. Crie sua realidade Reprograme sua mente com t\u00e9cnicas comprovadas https:\/\/www.youtube.com\/watch?v=XHOmBV4js_E Comece sua Jornada Agora Reprograme sua mente e manifeste sua realidade desejada. Transforme sua frequ\u00eancia, manifeste sua realidade Comece sua Jornada Agora PRE\u00c7O Promo\u00e7\u00e3o por tempo limitado! DE R$ 147 Por R$ 47 Comece sua Jornada Agora Garantia Garantia&hellip;","_links":{"self":[{"href":"https:\/\/flow520.com\/index.php?rest_route=\/wp\/v2\/pages\/2","targetHints":{"allow":["GET"]}}],"collection":[{"href":"https:\/\/flow520.com\/index.php?rest_route=\/wp\/v2\/pages"}],"about":[{"href":"https:\/\/flow520.com\/index.php?rest_route=\/wp\/v2\/types\/page"}],"author":[{"embeddable":true,"href":"https:\/\/flow520.com\/index.php?rest_route=\/wp\/v2\/users\/1"}],"replies":[{"embeddable":true,"href":"https:\/\/flow520.com\/index.php?rest_route=%2Fwp%2Fv2%2Fcomments&post=2"}],"version-history":[{"count":71,"href":"https:\/\/flow520.com\/index.php?rest_route=\/wp\/v2\/pages\/2\/revisions"}],"predecessor-version":[{"id":2023,"href":"https:\/\/flow520.com\/index.php?rest_route=\/wp\/v2\/pages\/2\/revisions\/2023"}],"wp:attachment":[{"href":"https:\/\/flow520.com\/index.php?rest_route=%2Fwp%2Fv2%2Fmedia&parent=2"}],"curies":[{"name":"wp","href":"https:\/\/api.w.org\/{rel}","templated":true}]}}